{"id":439,"date":"2024-06-27T07:53:22","date_gmt":"2024-06-27T07:53:22","guid":{"rendered":"https:\/\/iein.lt\/?page_id=439"},"modified":"2026-02-05T21:36:41","modified_gmt":"2026-02-05T21:36:41","slug":"apie","status":"publish","type":"page","link":"https:\/\/iein.lt\/?page_id=439","title":{"rendered":"Apie"},"content":{"rendered":"\n<p><\/p>\n\n\n\n<p> \u017dem\u0117s planeta &#8211; tai daugyb\u0117s gyv\u0173 b\u016btybi\u0173 namai, gyvyb\u0117s tinklas, kur visi su visais yra susij\u0119, vienas be kito negyvena ir vienas nuo kito priklauso. \u017dmogus dalyvauja tame gyvyb\u0117s tinkle kaip i\u0161skirtiniu intelektu apdovanota b\u016btyb\u0117, tod\u0117l jo u\u017eduotis yra saugoti vis\u0173 bendrus namus, suvokti tuos ry\u0161ius ir juos puosel\u0117ti.<\/p>\n","protected":false},"excerpt":{"rendered":"<p>\u017dem\u0117s planeta &#8211; tai daugyb\u0117s gyv\u0173 b\u016btybi\u0173 namai, gyvyb\u0117s tinklas, kur visi su visais yra susij\u0119, vienas be kito negyvena ir vienas nuo kito priklauso. \u017dmogus dalyvauja tame gyvyb\u0117s tinkle kaip i\u0161skirtiniu intelektu apdovanota b\u016btyb\u0117, tod\u0117l jo u\u017eduotis yra saugoti vis\u0173 bendrus namus, suvokti tuos ry\u0161ius ir juos puosel\u0117ti.<\/p>\n","protected":false},"author":1,"featured_media":0,"parent":0,"menu_order":0,"comment_status":"closed","ping_status":"closed","template":"","meta":{"footnotes":""},"class_list":["post-439","page","type-page","status-publish","hentry"],"_links":{"self":[{"href":"https:\/\/iein.lt\/index.php?rest_route=\/wp\/v2\/pages\/439","targetHints":{"allow":["GET"]}}],"collection":[{"href":"https:\/\/iein.lt\/index.php?rest_route=\/wp\/v2\/pages"}],"about":[{"href":"https:\/\/iein.lt\/index.php?rest_route=\/wp\/v2\/types\/page"}],"author":[{"embeddable":true,"href":"https:\/\/iein.lt\/index.php?rest_route=\/wp\/v2\/users\/1"}],"replies":[{"embeddable":true,"href":"https:\/\/iein.lt\/index.php?rest_route=%2Fwp%2Fv2%2Fcomments&post=439"}],"version-history":[{"count":3,"href":"https:\/\/iein.lt\/index.php?rest_route=\/wp\/v2\/pages\/439\/revisions"}],"predecessor-version":[{"id":482,"href":"https:\/\/iein.lt\/index.php?rest_route=\/wp\/v2\/pages\/439\/revisions\/482"}],"wp:attachment":[{"href":"https:\/\/iein.lt\/index.php?rest_route=%2Fwp%2Fv2%2Fmedia&parent=439"}],"curies":[{"name":"wp","href":"https:\/\/api.w.org\/{rel}","templated":true}]}}