{"id":446,"date":"2024-06-27T08:03:29","date_gmt":"2024-06-27T08:03:29","guid":{"rendered":"https:\/\/iein.lt\/?page_id=446"},"modified":"2024-06-27T08:03:29","modified_gmt":"2024-06-27T08:03:29","slug":"naudojimosi-salygos","status":"publish","type":"page","link":"https:\/\/iein.lt\/?page_id=446","title":{"rendered":"Naudojimosi s\u0105lygos"},"content":{"rendered":"\n<p><\/p>\n\n\n\n<p>Norint naudotis \u0161io puslapio turiniu, tekstais ar nuotraukomis, pra\u0161ome susisiekti ir susiderinti su autoriumi ir savininku el.pa\u0161tu kupetros@iein.lt <\/p>\n","protected":false},"excerpt":{"rendered":"<p>Norint naudotis \u0161io puslapio turiniu, tekstais ar nuotraukomis, pra\u0161ome susisiekti ir susiderinti su autoriumi ir savininku el.pa\u0161tu kupetros@iein.lt<\/p>\n","protected":false},"author":1,"featured_media":0,"parent":0,"menu_order":0,"comment_status":"closed","ping_status":"closed","template":"","meta":{"footnotes":""},"class_list":["post-446","page","type-page","status-publish","hentry"],"_links":{"self":[{"href":"https:\/\/iein.lt\/index.php?rest_route=\/wp\/v2\/pages\/446","targetHints":{"allow":["GET"]}}],"collection":[{"href":"https:\/\/iein.lt\/index.php?rest_route=\/wp\/v2\/pages"}],"about":[{"href":"https:\/\/iein.lt\/index.php?rest_route=\/wp\/v2\/types\/page"}],"author":[{"embeddable":true,"href":"https:\/\/iein.lt\/index.php?rest_route=\/wp\/v2\/users\/1"}],"replies":[{"embeddable":true,"href":"https:\/\/iein.lt\/index.php?rest_route=%2Fwp%2Fv2%2Fcomments&post=446"}],"version-history":[{"count":1,"href":"https:\/\/iein.lt\/index.php?rest_route=\/wp\/v2\/pages\/446\/revisions"}],"predecessor-version":[{"id":447,"href":"https:\/\/iein.lt\/index.php?rest_route=\/wp\/v2\/pages\/446\/revisions\/447"}],"wp:attachment":[{"href":"https:\/\/iein.lt\/index.php?rest_route=%2Fwp%2Fv2%2Fmedia&parent=446"}],"curies":[{"name":"wp","href":"https:\/\/api.w.org\/{rel}","templated":true}]}}